{"id":47,"date":"2023-07-24T13:57:38","date_gmt":"2023-07-24T11:57:38","guid":{"rendered":"http:\/\/fundacjakinematograf.pl\/?page_id=47"},"modified":"2023-09-13T13:23:36","modified_gmt":"2023-09-13T11:23:36","slug":"47-2","status":"publish","type":"page","link":"http:\/\/fundacjakinematograf.pl\/index.php\/47-2\/","title":{"rendered":"Nasza oferta"},"content":{"rendered":"\n<p>Mo\u017cemy wykona\u0107 dla Pa\u0144stwa:<\/p>\n\n\n\n<ul class=\"wp-block-list\">\n<li>pomoc w projektowaniu us\u0142ug dost\u0119pno\u015bci dla wydarzenia lub dla funkcjonowania instytucji;<\/li>\n\n\n\n<li> organizowanie i realizacj\u0119 us\u0142ug dost\u0119pno\u015bci w instytucji lub dla wydarzenia;<\/li>\n\n\n\n<li>nagranie filmowe wydarzenia kulturalnego;<\/li>\n\n\n\n<li>przygotowanie i realizacja napis\u00f3w rozszerzonych;<\/li>\n\n\n\n<li>przygotowanie i realizacja audiodeskrypcji;<\/li>\n\n\n\n<li>przygotowanie t\u0142umaczenia na polski j\u0119zyk migowym (wydarzenie, film);<\/li>\n\n\n\n<li>szkolenie na temat dost\u0119pno\u015bci;<\/li>\n\n\n\n<li>konsultacje<\/li>\n<\/ul>\n\n\n\n<p><a href=\"a.czapnik@fundacjakinematograf.pl\">Napisz do nas <\/a>&#8211; na pewno wsp\u00f3lnie zrobimy co\u015b dla dost\u0119pno\u015bci.<\/p>\n","protected":false},"excerpt":{"rendered":"<p>Mo\u017cemy wykona\u0107 dla Pa\u0144stwa: Napisz do nas &#8211; na pewno wsp\u00f3lnie zrobimy co\u015b dla dost\u0119pno\u015bci.<\/p>\n","protected":false},"author":3,"featured_media":0,"parent":0,"menu_order":1,"comment_status":"closed","ping_status":"closed","template":"","meta":{"_mc_calendar":[],"footnotes":""},"class_list":["post-47","page","type-page","status-publish","hentry","entry"],"_links":{"self":[{"href":"http:\/\/fundacjakinematograf.pl\/index.php\/wp-json\/wp\/v2\/pages\/47","targetHints":{"allow":["GET"]}}],"collection":[{"href":"http:\/\/fundacjakinematograf.pl\/index.php\/wp-json\/wp\/v2\/pages"}],"about":[{"href":"http:\/\/fundacjakinematograf.pl\/index.php\/wp-json\/wp\/v2\/types\/page"}],"author":[{"embeddable":true,"href":"http:\/\/fundacjakinematograf.pl\/index.php\/wp-json\/wp\/v2\/users\/3"}],"replies":[{"embeddable":true,"href":"http:\/\/fundacjakinematograf.pl\/index.php\/wp-json\/wp\/v2\/comments?post=47"}],"version-history":[{"count":3,"href":"http:\/\/fundacjakinematograf.pl\/index.php\/wp-json\/wp\/v2\/pages\/47\/revisions"}],"predecessor-version":[{"id":91,"href":"http:\/\/fundacjakinematograf.pl\/index.php\/wp-json\/wp\/v2\/pages\/47\/revisions\/91"}],"wp:attachment":[{"href":"http:\/\/fundacjakinematograf.pl\/index.php\/wp-json\/wp\/v2\/media?parent=47"}],"curies":[{"name":"wp","href":"https:\/\/api.w.org\/{rel}","templated":true}]}}