{"id":44,"date":"2023-07-24T13:42:17","date_gmt":"2023-07-24T11:42:17","guid":{"rendered":"http:\/\/fundacjakinematograf.pl\/?page_id=44"},"modified":"2024-02-03T21:41:53","modified_gmt":"2024-02-03T20:41:53","slug":"kim-jestesmy","status":"publish","type":"page","link":"https:\/\/fundacjakinematograf.pl\/index.php\/kim-jestesmy\/","title":{"rendered":"Kim jeste\u015bmy?"},"content":{"rendered":"\n<p>Fundacja Kinematograf dzia\u0142a na rzecz dost\u0119pnej kultury.<\/p>\n\n\n\n<p>Celem fundacji jest inicjowanie i promowanie przedsi\u0119wzi\u0119\u0107 tworz\u0105cych w kulturze przestrze\u0144 spotkania os\u00f3b, kt\u00f3re \u0142\u0105czy potrzeba pe\u0142nego uczestniczenia w \u017cyciu spo\u0142ecznym, mimo r\u00f3\u017cnych sposob\u00f3w zaspokajania tych potrzeb. Ka\u017cdy cz\u0142owiek, bez wzgl\u0119du na trudno\u015bci i przeszkody, ma prawo do uczestnictwa w kulturze. Ka\u017cdy, czyli r\u00f3wnie\u017c osoba z niepe\u0142nosprawno\u015bci\u0105, senior lub rodzic z dzieckiem w w\u00f3zku. Trzeba tylko zapewni\u0107 im odpowiednie warunki do swobodnego i satysfakcjonuj\u0105cego odbioru kultury. Pragniemy, aby kultura by\u0142a dla wszystkich. Dlatego powsta\u0142a Fundacja Kinematograf.<\/p>\n\n\n\n<p>Mieszkamy i dzia\u0142amy w&nbsp; Rabce-Zdroju. Tu organizujemy dost\u0119pne wydarzenia kulturalne, czyli spektakle teatralne, seanse kinowe, imprezy plenerowe, koncerty. Poza tym promujemy r\u00f3\u017cne wydarzenia w naszym mie\u015bcie.<\/p>\n\n\n\n<p>Naszym podstawowym narz\u0119dziem pracy jest kamera filmowa. Dzi\u0119ki niej promujemy i dokumentujemy dzia\u0142alno\u015b\u0107 nasz\u0105 i innych, zapewniaj\u0105c tak\u017ce dost\u0119pno\u015b\u0107 do produkcji filmowych.<\/p>\n\n\n\n<p>Ponad to wspieramy inne instytucje i organizacje w zapewnianiu dost\u0119pno\u015bci, nie tylko w obszarze kultury. Pomagamy w realizacji dost\u0119pno\u015bci cyfrowej, informacyjno-komunikacyjnej oraz architektonicznej. Szkolimy, konsultujemy i wykonujemy us\u0142ugi dost\u0119pno\u015bci. Przygotowujemy i realizujemy audiodeskrypcj\u0119, napisy dla nies\u0142ysz\u0105cych, t\u0142umaczenia na j\u0119zyk migowy oraz dost\u0119pne multimedia.<\/p>\n\n\n\n<p>Wsp\u00f3\u0142pracujemy z innymi fundacjami dzia\u0142aj\u0105cymi na rzecz\u00a0 dost\u0119pnej kultury organizacjami dla os\u00f3b o szczeg\u00f3lnych potrzebach oraz z ekspertami do spraw dost\u0119pno\u015bci. Stale rozwijamy nasz\u0105 wiedz\u0119 i kompetencje, aby \u015bwiat s\u0142u\u017cy\u0142 wszystkim.<\/p>\n\n\n\n<figure class=\"wp-block-embed is-type-video is-provider-vimeo wp-block-embed-vimeo wp-embed-aspect-16-9 wp-has-aspect-ratio\"><div class=\"wp-block-embed__wrapper\">\n<iframe loading=\"lazy\" title=\"O Fundacji Kinematograf w PJM\" src=\"https:\/\/player.vimeo.com\/video\/896851512?dnt=1&amp;app_id=122963\" width=\"750\" height=\"422\" frameborder=\"0\" allow=\"autoplay; fullscreen; picture-in-picture\"><\/iframe>\n<\/div><figcaption class=\"wp-element-caption\">Miga Natalia Pacyga<\/figcaption><\/figure>\n\n\n\n<h2 class=\"wp-block-heading\">Kontakt<\/h2>\n\n\n\n<p>Siedziba fundacji mie\u015bci si\u0119 pod adresem <\/p>\n\n\n\n<p>ul. Pocztowa 1\/3<br>34-700 Rabka-Zdr\u00f3j<\/p>\n\n\n\n<p>Telefon\/SMS:<\/p>\n\n\n\n<p>609 10 77 88 Anna Czapnik-W\u00f3jcik <br>501 36 15 31 Janusz Olszy\u0144ski <\/p>\n\n\n\n<p>Poczta elektroniczna:<\/p>\n\n\n\n<p>a.czapnik@fundacjakinematograf.pl<br>j.olszynski@fundacjakinematograf.pl<\/p>\n\n\n\n<h2 class=\"wp-block-heading\">Jak to si\u0119 zacz\u0119\u0142o<\/h2>\n\n\n\n<p>Nasz\u0105 pierwsz\u0105 realizacj\u0105 by\u0142o przygotowanie dost\u0119pno\u015bci dla os\u00f3b z dysfunkcj\u0105 wzroku i s\u0142uchu spektaklu w teatrze w Rabce podczas du\u017cej imprezy w 2021 r. Gdy po zako\u0144czeniu przedstawienia rozmawiali\u015bmy z widzami, pewna niewidoma kobieta powiedzia\u0142a: \u201eSzkoda, \u017ce tylko raz co\u015b takiego by\u0142o w Rabce\u2026 Je\u015bli pa\u0144stwo by\u015bcie nam kiedy\u015b tak\u0105 przyjemno\u015b\u0107 sprawili, to bardzo prosimy.\u201d I tak narodzi\u0142 si\u0119 pomys\u0142 na prac\u0119 nad dost\u0119pno\u015bci\u0105 kultury. Dwa miesi\u0105ce p\u00f3\u017aniej za\u0142o\u017cyli\u015bmy fundacj\u0119.Od pocz\u0105tku pracowali\u015bmy z kamer\u0105 filmow\u0105, dlatego nazwali\u015bmy j\u0105 \u201eKinematograf\u201d.<\/p>\n\n\n\n<h2 class=\"wp-block-heading\">Nazwa i logo<\/h2>\n\n\n\n<p>S\u0142owo kinematograf oznacza\u0142o niegdy\u015b urz\u0105dzenie do utrwalania tak zwanych \u201eruchomych obraz\u00f3w\u201d a tak\u017ce do ich projekcji na ekranie. Czyli &nbsp;jest to kamera i projektor filmowy. Nazywano tak r\u00f3wnie\u017c miejsce do ogl\u0105dania film\u00f3w, obecnie zwane kinem.<\/p>\n\n\n\n<p>Kinematograf w wersji graficznej jest w naszym logo, ale zosta\u0142 wzbogacony o piktogramy r\u00f3\u017cnych narz\u0119dzi dost\u0119pno\u015bci. Statyw kamery tworz\u0105 litery AD i ))), czyli symbol audiodeskrypcji. Na korpusie jest chmurka w kszta\u0142cie ekranu z dwoma poziomymi kreskami u do\u0142u. To symbol napis\u00f3w dla nies\u0142ysz\u0105cych do filmu. Dwie szpule z ta\u015bm\u0105 filmow\u0105 na kamerze zast\u0105pi\u0142y dwie migaj\u0105ce d\u0142onie oznaczaj\u0105ce t\u0142umaczenie na j\u0119zyk migowy dla g\u0142uchych. Znak graficzny otacza kr\u0119giem napis FUNDACJA KINEMATOGRAF.<\/p>\n\n\n<div class=\"wp-block-image\">\n<figure class=\"aligncenter size-full\"><img loading=\"lazy\" decoding=\"async\" width=\"528\" height=\"544\" src=\"http:\/\/fundacjakinematograf.pl\/wp-content\/uploads\/2023\/09\/fundacja-kinematograf_tv-1.png\" alt=\"\" class=\"wp-image-81\" srcset=\"https:\/\/fundacjakinematograf.pl\/wp-content\/uploads\/2023\/09\/fundacja-kinematograf_tv-1.png 528w, https:\/\/fundacjakinematograf.pl\/wp-content\/uploads\/2023\/09\/fundacja-kinematograf_tv-1-291x300.png 291w\" sizes=\"auto, (max-width: 528px) 100vw, 528px\" \/><\/figure>\n<\/div>\n\n\n<blockquote class=\"wp-block-quote is-layout-flow wp-block-quote-is-layout-flow\">\n<p>Osoby z niepe\u0142nosprawno\u015bciami nie s\u0105 \u201ez natury wadliwe\u201d, to raczej osobom pe\u0142nosprawnym nie uda\u0142o si\u0119 stworzy\u0107 \u015bwiata, kt\u00f3ry s\u0142u\u017cy wszystkim.<\/p>\n\n\n\n<p>Reni Eddo-Lodge<\/p>\n<\/blockquote>\n","protected":false},"excerpt":{"rendered":"<p>Fundacja Kinematograf dzia\u0142a na rzecz dost\u0119pnej kultury. Celem fundacji jest inicjowanie i promowanie przedsi\u0119wzi\u0119\u0107 tworz\u0105cych w kulturze przestrze\u0144 spotkania os\u00f3b, kt\u00f3re \u0142\u0105czy potrzeba pe\u0142nego uczestniczenia w \u017cyciu spo\u0142ecznym, mimo r\u00f3\u017cnych sposob\u00f3w zaspokajania tych potrzeb. Ka\u017cdy cz\u0142owiek, bez wzgl\u0119du na trudno\u015bci i przeszkody, ma prawo do uczestnictwa w kulturze. Ka\u017cdy, czyli r\u00f3wnie\u017c osoba z niepe\u0142nosprawno\u015bci\u0105, senior<a class=\"more-link\" href=\"https:\/\/fundacjakinematograf.pl\/index.php\/kim-jestesmy\/\">Continue reading <span class=\"screen-reader-text\">&#8222;Kim jeste\u015bmy?&#8221;<\/span><\/a><\/p>\n","protected":false},"author":2,"featured_media":0,"parent":0,"menu_order":0,"comment_status":"closed","ping_status":"closed","template":"","meta":{"_mc_calendar":[],"footnotes":""},"class_list":["post-44","page","type-page","status-publish","hentry","entry"],"_links":{"self":[{"href":"https:\/\/fundacjakinematograf.pl\/index.php\/wp-json\/wp\/v2\/pages\/44","targetHints":{"allow":["GET"]}}],"collection":[{"href":"https:\/\/fundacjakinematograf.pl\/index.php\/wp-json\/wp\/v2\/pages"}],"about":[{"href":"https:\/\/fundacjakinematograf.pl\/index.php\/wp-json\/wp\/v2\/types\/page"}],"author":[{"embeddable":true,"href":"https:\/\/fundacjakinematograf.pl\/index.php\/wp-json\/wp\/v2\/users\/2"}],"replies":[{"embeddable":true,"href":"https:\/\/fundacjakinematograf.pl\/index.php\/wp-json\/wp\/v2\/comments?post=44"}],"version-history":[{"count":7,"href":"https:\/\/fundacjakinematograf.pl\/index.php\/wp-json\/wp\/v2\/pages\/44\/revisions"}],"predecessor-version":[{"id":132,"href":"https:\/\/fundacjakinematograf.pl\/index.php\/wp-json\/wp\/v2\/pages\/44\/revisions\/132"}],"wp:attachment":[{"href":"https:\/\/fundacjakinematograf.pl\/index.php\/wp-json\/wp\/v2\/media?parent=44"}],"curies":[{"name":"wp","href":"https:\/\/api.w.org\/{rel}","templated":true}]}}