{"id":93,"date":"2023-09-22T16:21:43","date_gmt":"2023-09-22T14:21:43","guid":{"rendered":"http:\/\/fundacjakinematograf.pl\/?page_id=93"},"modified":"2023-09-22T16:21:43","modified_gmt":"2023-09-22T14:21:43","slug":"polityka-prywatnosci","status":"publish","type":"page","link":"https:\/\/fundacjakinematograf.pl\/index.php\/polityka-prywatnosci\/","title":{"rendered":"Polityka prywatno\u015bci"},"content":{"rendered":"\n<p>Maj\u0105c na uwadze zapisy art. 13 ust. 1 i 2 Rozporz\u0105dzenia Parlamentu Europejskiego i Rady (UE) 2016\/679<br>z 27 kwietnia 2016 r. w sprawie ochrony os\u00f3b fizycznych w zwi\u0105zku z przetwarzaniem danych osobowych<br>i w sprawie swobodnego przep\u0142ywu takich danych oraz uchylenia dyrektywy 95\/46\/WE, zwanym dalej \u201eRODO\u201d, &nbsp;poni\u017cej przedstawiamy informacje i&nbsp; zasady przetwarzania danych osobowych przez Fundacj\u0119 Kinematograf.<\/p>\n\n\n\n<h2 class=\"wp-block-heading\">Administrator danych<\/h2>\n\n\n\n<p>Administratorem Pani\/Pana danych osobowych jest Fundacja Kinematograf z siedzib\u0105: 34-700 Rabka-Zdr\u00f3j, ul.Pocztowa 1\/3, nr tel.: +48 501 361 531, adres e-mail: <a href=\"mailto:j.olszynski@fundacjakinematograf.pl\">j.olszynski@fundacjakinematograf.pl<\/a>, zwana dalej Fundacj\u0105.<\/p>\n\n\n\n<p>Kontakt w sprawie przetwarzania danych osobowych<\/p>\n\n\n\n<p><a>We wszystkich sprawach dotycz\u0105cych przetwarzania danych osobowych przez nas oraz korzystania z praw zwi\u0105zanych z przetwarzaniem danych osobowych mo\u017ce Pani\/Pan kontaktowa\u0107 si\u0119 na adres e-mail: <\/a><a href=\"mailto:j.olszynski@fundacjakinematograf.pl\">j.olszynski@fundacjakinematograf.pl<\/a> lub pisemnie na adres Fundacja Kinematograf, ul. ul.Pocztowa 1\/3, 34-700 Rabka-Zdr\u00f3j, z dopiskiem \u201eDane osobowe\u201d<\/p>\n\n\n\n<h2 class=\"wp-block-heading\">Cel przetwarzania danych osobowych i podstawa prawna przetwarzania danych:<\/h2>\n\n\n\n<p>Pani\/Pana dane osobowe, uzyskane w wyniku prowadzonej korespondencji lub w zwi\u0105zku z przekazan\u0105 nam wizyt\u00f3wk\u0105, wykorzystujemy lub mo\u017cemy wykorzysta\u0107 w nast\u0119puj\u0105cych celach:<\/p>\n\n\n\n<ol class=\"wp-block-list\" type=\"1\">\n<li>Przygotowania, zawarcia i realizacji umowy (art. 6 ust 1 lit. b RODO).<\/li>\n\n\n\n<li>Wype\u0142nienia \u017cyczenia osoby, kt\u00f3rej dane dotycz\u0105, w tym obs\u0142ugi zg\u0142oszenia kierowanego do Fundacji w zakresie umo\u017cliwiaj\u0105cym kontaktowanie si\u0119 z t\u0105 osob\u0105 (art. 6 ust 1 lit. b RODO).<\/li>\n\n\n\n<li>W zwi\u0105zku z prawnie uzasadnionym interesem Fundacji w zakresie kontaktowania si\u0119 z darczy\u0144cami (art. 6 ust.1 lit. f RODO).<\/li>\n\n\n\n<li>W zwi\u0105zku z wykonywaniem obowi\u0105zk\u00f3w prawnych Fundacji wynikaj\u0105cych z np. przepis\u00f3w podatkowych lub rachunkowych (art. 6 ust. 1 lit. c RODO).<strong><\/strong><\/li>\n<\/ol>\n\n\n\n<h2 class=\"wp-block-heading\">Zakres przetwarzanych danych<\/h2>\n\n\n\n<p>Z tytu\u0142u podanych wy\u017cej cel\u00f3w, przetwarzamy Pani\/Pana dane osobowe w zakresie: imi\u0119 i nazwisko, dane do kontaktu: adres e-mail, numer telefonu, a w przypadku przygotowania do zawarcia umowy, r\u00f3wnie\u017c adres do korespondencji.<\/p>\n\n\n\n<h2 class=\"wp-block-heading\">Odbiorcy danych<\/h2>\n\n\n\n<p>Odbiorcami Pa\u0144stwa danych osobowych s\u0105 lub mog\u0105 by\u0107 podmioty:<\/p>\n\n\n\n<ol class=\"wp-block-list\" type=\"1\">\n<li>Serwisuj\u0105ce urz\u0105dzenia Fundacji za po\u015brednictwem, kt\u00f3rych przetwarzane s\u0105 dane osobowe.<\/li>\n\n\n\n<li>Dostarczaj\u0105ce i utrzymuj\u0105ce oprogramowanie wykorzystywane w celu przetwarzania danych osobowych, kt\u00f3rych Administratorem jest Fundacja.<\/li>\n\n\n\n<li>Podmioty, kt\u00f3rym przekazuje si\u0119 dokumentacj\u0119 dla cel\u00f3w niszczenia po zako\u0144czonym okresie przechowywania.<\/li>\n\n\n\n<li>\u015awiadcz\u0105ce us\u0142ugi doradczo-kontrolne na zlecenie Fundacji (np. firmy audytorskie, certyfikuj\u0105ce), a&nbsp;tak\u017ce us\u0142ugi prawne.<\/li>\n<\/ol>\n\n\n\n<p>Pani\/Pana dane osobowe nie b\u0119d\u0105 przekazywane do pa\u0144stw znajduj\u0105cych si\u0119 poza Europejskim Obszarem Gospodarczym i nie b\u0119d\u0105 przekazywane do organizacji mi\u0119dzynarodowych.<\/p>\n\n\n\n<h2 class=\"wp-block-heading\">Okres, przez kt\u00f3ry dane b\u0119d\u0105 przetwarzane<\/h2>\n\n\n\n<p>Pana\/Pani dane osobowe b\u0119d\u0105 przetwarzane przez okres trwaj\u0105cych wzajemnych relacji okre\u015blonych w \u201ecelach przetwarzania danych\u201d. W przypadku dochodzenia roszcze\u0144 i obrony przed roszczeniami dane b\u0119d\u0105 przetwarzane do czasu wype\u0142nienia prawnie uzasadnionych interes\u00f3w Fundacji, stanowi\u0105cych podstaw\u0119 tego przetwarzania lub wniesienia sprzeciwu wobec takiego przetwarzania. W przypadku, gdy toczy si\u0119 sp\u00f3r lub trwa post\u0119powanie, w szczeg\u00f3lno\u015bci s\u0105dowe, okres przechowywania b\u0119dzie liczony od dnia zako\u0144czenia sporu lub prawomocnego zako\u0144czenia post\u0119powania.<\/p>\n\n\n\n<h2 class=\"wp-block-heading\">Realizacja praw os\u00f3b, kt\u00f3rych dane dotycz\u0105<\/h2>\n\n\n\n<p>Przys\u0142uguje Panu\/Pani prawo do:<\/p>\n\n\n\n<ul class=\"wp-block-list\">\n<li>sprostowania (poprawienie) danych;<\/li>\n\n\n\n<li>usuni\u0119cia danych przetwarzanych bezpodstawnie;<\/li>\n\n\n\n<li>ograniczenia przetwarzania (wstrzymania wykonywania operacji na danych, w tym ich nieusuwalnie \u2013 zgodnie ze z\u0142o\u017conym wnioskiem);<\/li>\n\n\n\n<li>dost\u0119pu do danych (w tym do kopii danych);<\/li>\n\n\n\n<li>przeniesienia danych do innego administratora danych (w zakresie i z wy\u0142\u0105czeniami okre\u015blonymi w art. 20 RODO);<\/li>\n<\/ul>\n\n\n\n<p>W celu wykonania praw wymienionych powy\u017cej nale\u017cy skierowa\u0107 \u017c\u0105danie pod adres e-mail: <a href=\"mailto:j.olszynski@fundacjakinematograf.pl\">j.olszynski@fundacjakinematograf.pl<\/a><strong>, <\/strong>pisemnie na adres siedziby Fundacji lub osobi\u015bcie w siedzibie Fundacji.<\/p>\n\n\n\n<p>Przed realizacj\u0105 Pa\u0144stwa uprawnie\u0144 Fundacja musi potwierdzi\u0107 Pa\u0144stwa to\u017csamo\u015b\u0107 w spos\u00f3b indywidualnie dostosowany do danego \u017c\u0105dania.<\/p>\n\n\n\n<p>W przypadku uznania, \u017ce przetwarzanie Pani\/Pana danych osobowych przez Fundacj\u0119 narusza przepisy RODO, przys\u0142uguje Pani\/Panu prawo do wniesienia skargi do Prezesa Urz\u0119du Ochrony Danych Osobowych, ul. Stawki 2&nbsp; 00-193 Warszawa.<\/p>\n\n\n\n<h2 class=\"wp-block-heading\">Informacja o wymogu podania danych<\/h2>\n\n\n\n<p>Podanie danych osobowych jest konieczne dla cel\u00f3w zwi\u0105zanych z obs\u0142ug\u0105 zg\u0142oszenia kierowanego do Fundacji oraz przygotowaniem do zawarcia ewentualnej umowy. Brak podania danych osobowych skutkuje niemo\u017cno\u015bci\u0105 prowadzenia dzia\u0142a\u0144 przygotowania do zawarcia i docelowego zawarcia umowy.<\/p>\n\n\n\n<p>W pozosta\u0142ych przypadkach podanie danych osobowych jest dobrowolne i nie skutkuje \u017cadnymi nast\u0119pstwami, za wyj\u0105tkiem braku mo\u017cliwo\u015bci \u0142\u0105cznego odniesienia si\u0119 do zdarze\u0144 (np. wiadomo\u015bci e-mail) kierowanych od osoby rezygnuj\u0105cej z podania danych j\u0105 identyfikuj\u0105cych.<\/p>\n\n\n\n<h2 class=\"wp-block-heading\">Decyzje podejmowane w spos\u00f3b zautomatyzowany<\/h2>\n\n\n\n<p>Fundacja nie b\u0119dzie stosowa\u0142a wobec Pani\/Pana zautomatyzowanego podejmowania decyzji, w tym profilowania.<\/p>\n","protected":false},"excerpt":{"rendered":"<p>Maj\u0105c na uwadze zapisy art. 13 ust. 1 i 2 Rozporz\u0105dzenia Parlamentu Europejskiego i Rady (UE) 2016\/679z 27 kwietnia 2016 r. w sprawie ochrony os\u00f3b fizycznych w zwi\u0105zku z przetwarzaniem danych osobowychi w sprawie swobodnego przep\u0142ywu takich danych oraz uchylenia dyrektywy 95\/46\/WE, zwanym dalej \u201eRODO\u201d, &nbsp;poni\u017cej przedstawiamy informacje i&nbsp; zasady przetwarzania danych osobowych przez Fundacj\u0119<a class=\"more-link\" href=\"https:\/\/fundacjakinematograf.pl\/index.php\/polityka-prywatnosci\/\">Continue reading <span class=\"screen-reader-text\">&#8222;Polityka prywatno\u015bci&#8221;<\/span><\/a><\/p>\n","protected":false},"author":2,"featured_media":0,"parent":0,"menu_order":0,"comment_status":"closed","ping_status":"closed","template":"","meta":{"_mc_calendar":[],"footnotes":""},"class_list":["post-93","page","type-page","status-publish","hentry","entry"],"_links":{"self":[{"href":"https:\/\/fundacjakinematograf.pl\/index.php\/wp-json\/wp\/v2\/pages\/93","targetHints":{"allow":["GET"]}}],"collection":[{"href":"https:\/\/fundacjakinematograf.pl\/index.php\/wp-json\/wp\/v2\/pages"}],"about":[{"href":"https:\/\/fundacjakinematograf.pl\/index.php\/wp-json\/wp\/v2\/types\/page"}],"author":[{"embeddable":true,"href":"https:\/\/fundacjakinematograf.pl\/index.php\/wp-json\/wp\/v2\/users\/2"}],"replies":[{"embeddable":true,"href":"https:\/\/fundacjakinematograf.pl\/index.php\/wp-json\/wp\/v2\/comments?post=93"}],"version-history":[{"count":4,"href":"https:\/\/fundacjakinematograf.pl\/index.php\/wp-json\/wp\/v2\/pages\/93\/revisions"}],"predecessor-version":[{"id":100,"href":"https:\/\/fundacjakinematograf.pl\/index.php\/wp-json\/wp\/v2\/pages\/93\/revisions\/100"}],"wp:attachment":[{"href":"https:\/\/fundacjakinematograf.pl\/index.php\/wp-json\/wp\/v2\/media?parent=93"}],"curies":[{"name":"wp","href":"https:\/\/api.w.org\/{rel}","templated":true}]}}